{"id":10,"date":"2023-04-18T09:31:40","date_gmt":"2023-04-18T01:31:40","guid":{"rendered":"https:\/\/wp.qhdl.cn\/?page_id=10"},"modified":"2024-06-05T13:45:07","modified_gmt":"2024-06-05T05:45:07","slug":"contact","status":"publish","type":"page","link":"https:\/\/www.nbdolphins.com\/es\/contact\/","title":{"rendered":"P\u00f3ngase en contacto con"},"content":{"rendered":"<section class=\"l-section wpb_row height_large color_secondary with_img\"><div class=\"l-section-img\" data-img-width=\"1000\" data-img-height=\"417\" style=\"background-image: url(https:\/\/www.nbdolphins.com\/wp-content\/uploads\/2024\/01\/1-1.jpg);\"><\/div><div class=\"l-section-overlay\" style=\"background:rgba(0,0,0,0.2)\"><\/div><div class=\"l-section-h i-cf\"><div class=\"g-cols vc_row via_grid cols_1 laptops-cols_inherit tablets-cols_1 mobiles-cols_1 valign_top type_default reversed stacking_default\" style=\"grid-gap:0rem;\"><div class=\"wpb_column vc_column_container\"><div class=\"vc_column-inner\"><ol class=\"g-breadcrumbs separator_icon align_none\" itemscope itemtype=\"http:\/\/schema.org\/BreadcrumbList\"><li class=\"g-breadcrumbs-item\" itemscope itemprop=\"itemListElement\" itemtype=\"http:\/\/schema.org\/ListItem\"><a itemprop=\"item\" href=\"https:\/\/www.nbdolphins.com\/es\/\"><span itemprop=\"name\">Inicio<\/span><\/a><meta itemprop=\"position\" content=\"1\"\/><\/li><li class=\"g-breadcrumbs-separator\"><i class=\"far fa-angle-right\"><\/i><\/li><li class=\"g-breadcrumbs-item\">P\u00e1ginas<\/li><\/ol><div class=\"w-separator size_small\"><\/div><h2 class=\"w-post-elm post_title entry-title color_link_inherit\">P\u00f3ngase en contacto con<\/h2><\/div><\/div><\/div><\/div><\/section><section class=\"l-section wpb_row us_custom_6f350f9d contact1 height_large\"><div class=\"l-section-h i-cf\"><div class=\"g-cols vc_row via_grid cols_1 laptops-cols_inherit tablets-cols_inherit mobiles-cols_1 valign_middle type_default stacking_default\"><div class=\"wpb_column vc_column_container\"><div class=\"vc_column-inner\"><div class=\"g-cols wpb_row us_custom_060afc7d lx1 via_grid cols_2 laptops-cols_inherit tablets-cols_inherit mobiles-cols_1 valign_middle type_default stacking_default\"><div class=\"wpb_column vc_column_container\"><div class=\"vc_column-inner\"><div class=\"wpb_text_column us_custom_d8cb8914\"><div class=\"wpb_wrapper\"><h2>DELFINES<\/h2>\n<\/div><\/div><div class=\"w-separator size_small\"><\/div><div class=\"w-iconbox iconpos_left style_circle color_custom align_left\"><div class=\"w-iconbox-icon\" style=\"font-size:1rem;--icon-color:var(--color-header-middle-text-hover);--icon-bg-color:var(--color-header-middle-bg);\"><i class=\"fas fa-home\"><\/i><\/div><div class=\"w-iconbox-meta\"><h5 class=\"w-iconbox-title\">Empresa:<\/h5><div class=\"w-iconbox-text\"><p>NINGBO DOLPHINS WIN-WIN INTERNATIONAL TRADE CO.,LTD.<\/p>\n<\/div><\/div><\/div><div class=\"w-iconbox iconpos_left style_circle color_custom align_left\"><div class=\"w-iconbox-icon\" style=\"font-size:1rem;--icon-color:var(--color-header-middle-text-hover);--icon-bg-color:var(--color-header-middle-bg);\"><i class=\"fas fa-map-marker-alt\"><\/i><\/div><div class=\"w-iconbox-meta\"><h5 class=\"w-iconbox-title\">Direcci\u00f3n:<\/h5><div class=\"w-iconbox-text\"><p>No 12, 2nd Building\uff0cChuangxin 128, No 818 Qiming Road, Yinzhou District, Ningbo, China<\/p>\n<\/div><\/div><\/div><div class=\"w-iconbox iconpos_left style_circle color_custom align_left\"><div class=\"w-iconbox-icon\" style=\"font-size:1rem;--icon-color:var(--color-header-middle-text-hover);--icon-bg-color:var(--color-header-middle-bg);\"><i class=\"fas fa-envelope\"><\/i><\/div><div class=\"w-iconbox-meta\"><h5 class=\"w-iconbox-title\">Correo electr\u00f3nico:<\/h5><div class=\"w-iconbox-text\"><p><a href=\"mailto:ericyou@nbdolphins.com\">ericyou@nbdolphins.com<\/a><\/p>\n<\/div><\/div><\/div><div class=\"w-iconbox iconpos_left style_circle color_custom align_left\"><div class=\"w-iconbox-icon\" style=\"font-size:1rem;--icon-color:var(--color-header-middle-text-hover);--icon-bg-color:var(--color-header-middle-bg);\"><i class=\"fas fa-phone-rotary\"><\/i><\/div><div class=\"w-iconbox-meta\"><h5 class=\"w-iconbox-title\">Tel:<\/h5><div class=\"w-iconbox-text\"><p><a href=\"tel:865748306 2352\">+86 574 8306 2352<\/a><\/p>\n<\/div><\/div><\/div><div class=\"w-iconbox iconpos_left style_circle color_custom align_left\"><div class=\"w-iconbox-icon\" style=\"font-size:1rem;--icon-color:var(--color-header-middle-text-hover);--icon-bg-color:var(--color-header-middle-bg);\"><i class=\"fas fa-phone-alt\"><\/i><\/div><div class=\"w-iconbox-meta\"><h5 class=\"w-iconbox-title\">M\u00f3vil:<\/h5><div class=\"w-iconbox-text\"><p><a href=\"tel:8613884441180\">+86 13884441180<\/a><\/p>\n<\/div><\/div><\/div><div class=\"w-iconbox iconpos_left style_circle color_custom align_left\"><div class=\"w-iconbox-icon\" style=\"font-size:1.2rem;--icon-color:var(--color-header-middle-text-hover);--icon-bg-color:var(--color-header-middle-bg);\"><i class=\"fab fa-whatsapp-square\"><\/i><\/div><div class=\"w-iconbox-meta\"><h5 class=\"w-iconbox-title\">WhatsApp:<\/h5><div class=\"w-iconbox-text\"><p><a href=\"tel:8613884441180\">+86 13884441180<\/a><br \/>\n<a href=\"tel:8615988653611\">+86 15988653611<\/a><\/p>\n<\/div><\/div><\/div><div class=\"w-iconbox iconpos_left style_circle color_custom align_left\"><div class=\"w-iconbox-icon\" style=\"font-size:1.3rem;--icon-color:var(--color-header-middle-text-hover);--icon-bg-color:var(--color-header-middle-bg);\"><i class=\"fab fa-qq\"><\/i><\/div><div class=\"w-iconbox-meta\"><h5 class=\"w-iconbox-title\">QQ:<\/h5><div class=\"w-iconbox-text\"><p>2084531178<\/p>\n<\/div><\/div><\/div><\/div><\/div><div class=\"wpb_column vc_column_container us_custom_51abd097\"><div class=\"vc_column-inner\"><h3 class=\"w-text\"><span class=\"w-text-h\"><span class=\"w-text-value\">P\u00f3ngase en contacto con nosotros<\/span><\/span><\/h3>\n<div class=\"wpcf7 no-js\" id=\"wpcf7-f19050-o1\" lang=\"en-US\" dir=\"ltr\" data-wpcf7-id=\"19050\">\n<div class=\"screen-reader-response\"><p role=\"status\" aria-live=\"polite\" aria-atomic=\"true\"><\/p> <ul><\/ul><\/div>\n<form action=\"\/es\/wp-json\/wp\/v2\/pages\/10#wpcf7-f19050-o1\" method=\"post\" class=\"wpcf7-form init\" aria-label=\"Formulario de contacto\" novalidate=\"novalidate\" data-status=\"init\" data-trp-original-action=\"\/es\/wp-json\/wp\/v2\/pages\/10#wpcf7-f19050-o1\">\n<fieldset class=\"hidden-fields-container\"><input type=\"hidden\" name=\"_wpcf7\" value=\"19050\" \/><input type=\"hidden\" name=\"_wpcf7_version\" value=\"6.1.1\" \/><input type=\"hidden\" name=\"_wpcf7_locale\" value=\"en_US\" \/><input type=\"hidden\" name=\"_wpcf7_unit_tag\" value=\"wpcf7-f19050-o1\" \/><input type=\"hidden\" name=\"_wpcf7_container_post\" value=\"0\" \/><input type=\"hidden\" name=\"_wpcf7_posted_data_hash\" value=\"\" \/><input type=\"hidden\" name=\"_wpcf7dtx_version\" value=\"5.0.5\" \/><input type=\"hidden\" name=\"_wpcf7_recaptcha_response\" value=\"\" \/>\n<\/fieldset>\n<p>P\u00f3ngase en contacto con nosotros y le responderemos lo antes posible.\n<\/p>\n<div class=\"outer\">\n\t<div class=\"inner\">\n\t\t<p><span class=\"wpcf7-form-control-wrap\" data-name=\"your-name\"><input size=\"40\" maxlength=\"400\" class=\"wpcf7-form-control wpcf7-text wpcf7-validates-as-required\" aria-required=\"true\" aria-invalid=\"false\" placeholder=\"Tu nombre*\" value=\"\" type=\"text\" name=\"your-name\" \/><\/span>\n\t\t<\/p>\n\t<\/div>\n\t<div class=\"inner\">\n\t\t<p><span class=\"wpcf7-form-control-wrap\" data-name=\"your-email\"><input size=\"40\" maxlength=\"400\" class=\"wpcf7-form-control wpcf7-email wpcf7-validates-as-required wpcf7-text wpcf7-validates-as-email\" aria-required=\"true\" aria-invalid=\"false\" placeholder=\"Direcci\u00f3n de correo electr\u00f3nico\" value=\"\" type=\"email\" name=\"your-email\" \/><\/span>\n\t\t<\/p>\n\t<\/div>\n<\/div>\n<div class=\"outer\">\n\t<div class=\"inner\">\n\t\t<p><span class=\"wpcf7-form-control-wrap\" data-name=\"your-tel\"><input size=\"40\" maxlength=\"400\" class=\"wpcf7-form-control wpcf7-tel wpcf7-validates-as-required wpcf7-text wpcf7-validates-as-tel\" aria-required=\"true\" aria-invalid=\"false\" placeholder=\"Tu tel\u00e9fono\/WhatsApp\" value=\"\" type=\"tel\" name=\"your-tel\" \/><\/span>\n\t\t<\/p>\n\t<\/div>\n\t<div class=\"inner\">\n\t\t<p><span class=\"wpcf7-form-control-wrap\" data-name=\"your-country\"><input size=\"40\" maxlength=\"400\" class=\"wpcf7-form-control wpcf7-text\" aria-invalid=\"false\" placeholder=\"Pa\u00eds o regi\u00f3n\" value=\"\" type=\"text\" name=\"your-country\" \/><\/span>\n\t\t<\/p>\n\t<\/div>\n<\/div>\n<div>\n\t<p><span class=\"wpcf7-form-control-wrap\" data-name=\"your-message\"><textarea cols=\"40\" rows=\"10\" maxlength=\"2000\" class=\"wpcf7-form-control wpcf7-textarea wpcf7-validates-as-required\" aria-required=\"true\" aria-invalid=\"false\" placeholder=\"Ind\u00edquenos su necesidad de la forma m\u00e1s concreta posible*.\" name=\"your-message\"><\/textarea><\/span>\n\t<\/p>\n<\/div>\n<div style=\"display:none\">\n<span class=\"wpcf7-form-control-wrap your-url\" data-name=\"your-url\"><input type=\"hidden\" name=\"your-url\" class=\"wpcf7-form-control wpcf7-hidden wpcf7dtx wpcf7dtx-hidden\" aria-invalid=\"false\" value=\"https:\/\/www.nbdolphins.com\/es\/es\/wp-json\/wp\/v2\/pages\/10\"><\/span>\n<\/div>\n<div class=\"form-button\">\n\t<p><input class=\"wpcf7-form-control wpcf7-submit has-spinner\" type=\"submit\" value=\"Enviar mensaje\" \/>\n\t<\/p>\n<\/div><div class=\"wpcf7-response-output\" aria-hidden=\"true\"><\/div>\n<input type=\"hidden\" name=\"trp-form-language\" value=\"es\"\/><\/form>\n<\/div>\n<\/div><\/div><\/div><\/div><\/div><\/div><\/div><\/section>","protected":false},"excerpt":{"rendered":"InicioP\u00e1ginasContactoDOLPHINS Empresa:NINGBO DOLPHINS WIN-WIN INTERNATIONAL TRADE CO.,LTD. \u00a1Direcci\u00f3n:No 12, 2nd Building\uff0cChuangxin 128, No 818 Qiming Road, Yinzhou District, Ningbo, China E-mail:ericyou@nbdolphins.com Tel:+86 574 8306 2352 M\u00f3vil:+86 13884441180 WhatsApp:+86 13884441180 +86 15988653611 QQ:2084531178 Cont\u00e1ctenos Cont\u00e1ctenos ahora y nos pondremos en contacto con usted pronto!","protected":false},"author":11,"featured_media":0,"parent":0,"menu_order":60,"comment_status":"closed","ping_status":"closed","template":"","meta":{"footnotes":""},"class_list":["post-10","page","type-page","status-publish","hentry"],"acf":[],"_links":{"self":[{"href":"https:\/\/www.nbdolphins.com\/es\/wp-json\/wp\/v2\/pages\/10","targetHints":{"allow":["GET"]}}],"collection":[{"href":"https:\/\/www.nbdolphins.com\/es\/wp-json\/wp\/v2\/pages"}],"about":[{"href":"https:\/\/www.nbdolphins.com\/es\/wp-json\/wp\/v2\/types\/page"}],"author":[{"embeddable":true,"href":"https:\/\/www.nbdolphins.com\/es\/wp-json\/wp\/v2\/users\/11"}],"replies":[{"embeddable":true,"href":"https:\/\/www.nbdolphins.com\/es\/wp-json\/wp\/v2\/comments?post=10"}],"version-history":[{"count":1,"href":"https:\/\/www.nbdolphins.com\/es\/wp-json\/wp\/v2\/pages\/10\/revisions"}],"predecessor-version":[{"id":19791,"href":"https:\/\/www.nbdolphins.com\/es\/wp-json\/wp\/v2\/pages\/10\/revisions\/19791"}],"wp:attachment":[{"href":"https:\/\/www.nbdolphins.com\/es\/wp-json\/wp\/v2\/media?parent=10"}],"curies":[{"name":"wp","href":"https:\/\/api.w.org\/{rel}","templated":true}]}}